{"id":3495,"date":"2022-01-04T22:08:27","date_gmt":"2022-01-04T22:08:27","guid":{"rendered":"https:\/\/gonewyork.com\/new-york-c3-mit-citypass\/"},"modified":"2025-08-29T17:25:41","modified_gmt":"2025-08-29T17:25:41","slug":"new-york-c3-mit-citypass","status":"publish","type":"page","link":"https:\/\/gonewyork.com\/de\/new-york-c3-mit-citypass\/","title":{"rendered":"New York C3 mit CityPASS"},"content":{"rendered":"\n<p>Der New York C3 wurde Ihnen von demselben Unternehmen zur Verf\u00fcgung gestellt, das auch f\u00fcr den New York CityPASS verantwortlich ist, und ist ein <a href=\"https:\/\/gonewyork.com\/de\/new-york-c3-mit-citypass\/\" data-type=\"page\" data-id=\"597\">Reisepass<\/a> , mit dem Sie Zugang zu 3 der beliebtesten Attraktionen von New York City zu einem g\u00fcnstigen Preis erhalten. Der New York C3 wird an einem Dutzend ber\u00fchmter Veranstaltungsorte in New York City akzeptiert, darunter einige der ber\u00fchmtesten Museen und historischen Sehensw\u00fcrdigkeiten der Welt. Zu den Attraktionen, die Ihnen als Inhaber eines New York C3-Passes zur Verf\u00fcgung stehen, geh\u00f6ren das Empire State Building, das Metropolitan Museum of Art, die Freiheitsstatue und Ellis Island, das 9\/11 Memorial &amp; Museum und mehrere andere gefeierte <a href=\"https:\/\/gonewyork.com\/de\/stadtrundfahrten-in-new-york\/\" data-type=\"page\" data-id=\"397\">Touren<\/a> und Kreuzfahrten (eine vollst\u00e4ndige Liste der verf\u00fcgbaren Attraktionen finden Sie unten). Es ist eine clevere Option f\u00fcr den Attraktionspass f\u00fcr Besucher, die eine bequeme M\u00f6glichkeit suchen, 3 Highlights von New York City zu einem pauschalen, erm\u00e4\u00dfigten Preis zu sehen.   <\/p>\n\n<figure class=\"wp-block-image size-large\"><img loading=\"lazy\" decoding=\"async\" width=\"1024\" height=\"684\" src=\"https:\/\/gonewyork.com\/wp-content\/uploads\/2022\/01\/Tourist-Binoculars-AdobeStock_223148275-1024x684.jpeg\" alt=\"\" class=\"wp-image-606\" srcset=\"https:\/\/gonewyork.com\/wp-content\/uploads\/2022\/01\/Tourist-Binoculars-AdobeStock_223148275-1024x684.jpeg 1024w, https:\/\/gonewyork.com\/wp-content\/uploads\/2022\/01\/Tourist-Binoculars-AdobeStock_223148275-300x200.jpeg 300w, https:\/\/gonewyork.com\/wp-content\/uploads\/2022\/01\/Tourist-Binoculars-AdobeStock_223148275-768x513.jpeg 768w, https:\/\/gonewyork.com\/wp-content\/uploads\/2022\/01\/Tourist-Binoculars-AdobeStock_223148275-1536x1025.jpeg 1536w, https:\/\/gonewyork.com\/wp-content\/uploads\/2022\/01\/Tourist-Binoculars-AdobeStock_223148275-2048x1367.jpeg 2048w, https:\/\/gonewyork.com\/wp-content\/uploads\/2022\/01\/Tourist-Binoculars-AdobeStock_223148275-600x400.jpeg 600w\" sizes=\"auto, (max-width: 1024px) 100vw, 1024px\" \/><figcaption>Weibliche Reisende, die New York City mit einem \u00f6ffentlichen Fernglas erkunden<\/figcaption><\/figure>\n\n<h2 class=\"wp-block-heading\"><strong>Inbegriffene Attraktionen in New York<\/strong> (w\u00e4hlen Sie 3)<\/h2>\n\n<ul class=\"wp-block-list\"><li>Empire State Building<\/li><li>Aussichtsplattform auf dem Gipfel des Felsens<\/li><li>F\u00e4hrzugang zur Freiheitsstatue und Ellis Island<\/li><li>9\/11 Gedenkst\u00e4tte &amp; Museum<\/li><li>Amerikanisches Museum f\u00fcr Naturgeschichte<\/li><li>Das Metropolitan Museum of Art<\/li><li>Das Museum f\u00fcr Moderne Kunst<\/li><li>Circle Line Sightseeing Kreuzfahrten<\/li><li>Unerschrockenes Museum f\u00fcr Meer, Luft und Weltraum<\/li><li>Guggenheim Museum<\/li><li>Stadtrundfahrten<\/li><li>Edge bei Hudson Yards<\/li><\/ul>\n\n<h2 class=\"wp-block-heading\"><strong>So funktioniert der New York C3 Pass<\/strong><\/h2>\n\n<p>Der New York C3 Pass ist einfach und leicht zu verwenden. Sie zahlen eine Pauschalgeb\u00fchr f\u00fcr den New York C3 Pass, der Sie zum Eintritt in 3 beliebte <a href=\"https:\/\/gonewyork.com\/de\/sehenswuerdigkeiten-in-new-york-city\/\" data-type=\"page\" data-id=\"398\">Attraktionen in New York City<\/a> berechtigt. Sie m\u00fcssen keinen einzigen Cent aus eigener Tasche am Eingang einer dieser Attraktionen bezahlen, Sie lassen sich einfach Ihren C3-Pass an der T\u00fcr scannen und machen sich auf den Weg.  <\/p>\n\n<p>Als digitales Produkt k\u00f6nnen Sie Ihren New York C3 Pass nur wenige Sekunden nach dem Online-Kauf direkt auf Ihr Smartphone herunterladen. Wenn Sie m\u00f6chten, k\u00f6nnen Sie Ihren C3-Pass auch zu Hause ausdrucken, bevor Sie sich auf Ihren Sightseeing-Ausflug nach New York begeben. Letztendlich wird es genauso funktionieren.  <\/p>\n\n<p>Am ersten Tag, an dem Sie Ihren New York C3 Pass bei einer Attraktion verwenden, wird er aktiviert. Von diesem Zeitpunkt an haben Sie 9 aufeinanderfolgende Tage Zeit, um Ihren New York C3 Pass bei den beiden verbleibenden Attraktionen zu verwenden. <\/p>\n\n<h2 class=\"wp-block-heading\"><strong>Was der New York C3 Pass gut macht<\/strong><\/h2>\n\n<p>Sobald Sie Ihren New York C3 Pass gekauft haben, haben Sie ein ganzes Jahr (365 Tage) Zeit, um ihn zu aktivieren. Diese Funktion des C3-Passes bietet Ihnen eine enorme Flexibilit\u00e4t bei der Planung Ihres New York-Abenteuers. <\/p>\n\n<p>Obwohl der New York C3 Pass nur den Eintritt zu 3 verschiedenen Attraktionen abdeckt, haben Sie 9 aufeinanderfolgende Tage Zeit, um ihn zu nutzen. Wenn Ihr Zeitplan es zul\u00e4sst, haben Sie gen\u00fcgend Zeit, Ihre Besuche auf die verschiedenen Attraktionen zu verteilen und sicherzustellen, dass Sie sich nie zu gehetzt f\u00fchlen. <\/p>\n\n<p>Da Ihnen Ihr New York C3-Pass nur wenige Augenblicke nach dem Kauf per E-Mail zugeschickt wird und Sie ihn f\u00fcr den Eintritt in die von Ihnen ausgew\u00e4hlten Attraktionen direkt von Ihrem Smartphone aus scannen k\u00f6nnen, m\u00fcssen Sie sich nie wieder Sorgen machen, ein Papierticket zu verlieren. Solange Sie Ihr Smartphone bei sich haben, sind Sie im Gesch\u00e4ft. Auf der anderen Seite sch\u00e4tzen einige Besucher die M\u00f6glichkeit, eine Papierkopie des New York C3 Passes ausdrucken zu k\u00f6nnen. Es ist gut, Optionen zu haben!   <\/p>\n\n<h2 class=\"wp-block-heading\"><strong>Was k\u00f6nnte besser werden?<\/strong><\/h2>\n\n<p>Das offensichtlichste Problem beim New York C3 Pass ist sein begrenzter Fokus: Er deckt nur Ihren Eintritt zu 3 Attraktionen ab, die aus einer engen Liste von 12 m\u00f6glichen Attraktionen ausgew\u00e4hlt wurden. Das ist nat\u00fcrlich kein Fehler, es bedeutet nur, dass der C3-Pass am besten f\u00fcr Besucher mit sehr spezifischen Sightseeing-Bed\u00fcrfnissen geeignet ist. <\/p>\n\n<p>Wenn es um die Ticketpreise geht, betrachtet der New York C3 Pass jeden \u00fcber 12 Jahre als Erwachsenen. Wenn Sie mit Teenagern reisen, bedeutet dies, dass Sie auch f\u00fcr sie die Erwachsenenpreise zahlen m\u00fcssen. F\u00fcr einige Besucher mag dies kein Problem sein, aber es ist erw\u00e4hnenswert, dass viele andere Attraktionsp\u00e4sse auf dem Markt die Preise f\u00fcr Erwachsene erst ab 18 Jahren durchsetzen.  <\/p>\n\n<h2 class=\"wp-block-heading\"><strong>Kommen Sie mit einem New York C3 Pass auf Ihre Kosten<\/strong><\/h2>\n\n<p>Wie bei allen Attraktionsp\u00e4ssen h\u00e4ngt der Geldbetrag, den Sie mit einem New York C3-Pass sparen, davon ab, welche Attraktionen Sie besuchen, w\u00e4hrend Sie ihn als Eintrittskarte verwenden. In der Regel sollten Sie Ihren C3-Pass bei den Attraktionen mit den h\u00f6chsten Eintrittspreisen verwenden. Die Ticketpreise k\u00f6nnen sich immer \u00e4ndern, aber von allen Attraktionen, die mit dem New York C3 Pass abgedeckt sind, sind in der Regel das Empire State Building, Edge at Hudson Yards und eine der angebotenen Circle Line Sightseeing Cruises die teuersten.  <\/p>\n\n<p>Wenn Sie ein Erwachsener w\u00e4ren, der bei jeder dieser drei Attraktionen aus eigener Tasche zahlt, m\u00fcssten Sie insgesamt etwa 125 US-Dollar ausgeben. Bei den aktuellen Kosten f\u00fcr einen New York C3-Pass von 87 US-Dollar k\u00f6nnen Sie 38 US-Dollar sparen, was nur etwa 33 % des Listenpreises entspricht. F\u00fcr Kinder w\u00e4ren es etwa 97 US-Dollar f\u00fcr Einzeltickets gegen\u00fcber 67 US-Dollar f\u00fcr einen C3-Pass f\u00fcr Kinder \u2013 auch das sind fast 33 % Gesamtersparnis.  <\/p>\n\n<h2 class=\"wp-block-heading\"><strong>Insider-Tipps f\u00fcr den New York C3 Pass<\/strong><\/h2>\n\n<p>F\u00fcr einige Attraktionen, wie das Empire State Building, das 9\/11 Memorial &amp; Museum und die Circle Line Sightseeing Cruises (um nur einige zu nennen), m\u00fcssen Sie im Voraus reservieren. Das bedeutet nicht, dass Sie zus\u00e4tzliche Kosten zahlen m\u00fcssen, wenn Sie diese Attraktionen mit Ihrem New York C3 Pass besuchen, es bedeutet nur, dass Sie ein wenig im Voraus planen m\u00fcssen, um sicherzustellen, dass Sie sie zu der Zeit besuchen k\u00f6nnen, die am besten zu Ihrem Zeitplan passt. <\/p>\n\n<p>Auch wenn f\u00fcr eine Attraktion, die Sie besuchen m\u00f6chten, keine Reservierung erforderlich ist, ist es angesichts des hochkar\u00e4tigen Charakters der Attraktionen, die \u00fcber den New York C3 Pass verf\u00fcgbar sind, eine gute Idee, wenn \u00fcberhaupt m\u00f6glich, eine Reservierung vorzunehmen. Dies gilt insbesondere in Spitzenzeiten wie den Fr\u00fchlings- und Sommermonaten sowie in der festlichen Weihnachtszeit. <\/p>\n\n<p>Familien, die mit kleinen Kindern reisen, sollten bei mehreren Attraktionen, die mit dem New York C3 Pass abgedeckt sind, genau auf das Kleingedruckte achten, da viele dieser ber\u00fchmten Orte bereits freien Eintritt f\u00fcr kleine Kinder bieten. Zum Beispiel k\u00f6nnen Kinder bis 4 Jahre das Empire State Building und das Top of the Rock Observation Deck kostenlos besuchen. Im American Museum of Natural History gibt es einen speziellen erm\u00e4\u00dfigten Preis f\u00fcr Kinder zwischen 2 und 4 Jahren, wobei Kinder unter 1 Jahr kostenlos eintreten d\u00fcrfen. Es ist eine gute Idee, sich bei der Planung Ihrer Reise mit diesen Details zu befassen.   <\/p>\n\n<h2 class=\"wp-block-heading\"><strong>Wo kann man den New York C3 Pass kaufen?<\/strong><\/h2>\n\n<p>Der New York C3 kann online, telefonisch oder pers\u00f6nlich bei ausgew\u00e4hlten teilnehmenden Attraktionen in der Region gekauft werden.<\/p>\n","protected":false},"excerpt":{"rendered":"<p>Der New York C3 wurde Ihnen von demselben Unternehmen zur Verf\u00fcgung gestellt, das auch f\u00fcr den New York CityPASS verantwortlich ist, und ist ein Reisepass , mit dem Sie Zugang zu 3 der beliebtesten Attraktionen von New York City zu einem g\u00fcnstigen Preis erhalten. Der New York C3 wird an einem Dutzend ber\u00fchmter Veranstaltungsorte in &#8230; <a title=\"New York C3 mit CityPASS\" class=\"read-more\" href=\"https:\/\/gonewyork.com\/de\/new-york-c3-mit-citypass\/\" aria-label=\"Mehr Informationen \u00fcber New York C3 mit CityPASS\">Weiterlesen &#8230;<\/a><\/p>\n","protected":false},"author":2,"featured_media":0,"parent":0,"menu_order":0,"comment_status":"closed","ping_status":"closed","template":"","meta":{"_acf_changed":false,"footnotes":""},"class_list":["post-3495","page","type-page","status-publish"],"acf":[],"_links":{"self":[{"href":"https:\/\/gonewyork.com\/de\/wp-json\/wp\/v2\/pages\/3495","targetHints":{"allow":["GET"]}}],"collection":[{"href":"https:\/\/gonewyork.com\/de\/wp-json\/wp\/v2\/pages"}],"about":[{"href":"https:\/\/gonewyork.com\/de\/wp-json\/wp\/v2\/types\/page"}],"author":[{"embeddable":true,"href":"https:\/\/gonewyork.com\/de\/wp-json\/wp\/v2\/users\/2"}],"replies":[{"embeddable":true,"href":"https:\/\/gonewyork.com\/de\/wp-json\/wp\/v2\/comments?post=3495"}],"version-history":[{"count":1,"href":"https:\/\/gonewyork.com\/de\/wp-json\/wp\/v2\/pages\/3495\/revisions"}],"predecessor-version":[{"id":3496,"href":"https:\/\/gonewyork.com\/de\/wp-json\/wp\/v2\/pages\/3495\/revisions\/3496"}],"wp:attachment":[{"href":"https:\/\/gonewyork.com\/de\/wp-json\/wp\/v2\/media?parent=3495"}],"curies":[{"name":"wp","href":"https:\/\/api.w.org\/{rel}","templated":true}]}}