{"id":3486,"date":"2022-01-03T17:10:32","date_gmt":"2022-01-03T17:10:32","guid":{"rendered":"https:\/\/gonewyork.com\/new-york-sightseeing-pass\/"},"modified":"2025-08-29T16:58:35","modified_gmt":"2025-08-29T16:58:35","slug":"new-york-sightseeing-pass","status":"publish","type":"page","link":"https:\/\/gonewyork.com\/de\/new-york-sightseeing-pass\/","title":{"rendered":"New York Sightseeing Pass"},"content":{"rendered":"\n<p>The New York Sightseeing Pass is available in two distinct formats. The Day Pass is an all-inclusive multi-attraction pass admitting you to an unlimited number of popular <a href=\"https:\/\/gonewyork.com\/de\/sehenswuerdigkeiten-in-new-york-city\/\" data-type=\"page\" data-id=\"398\">New York City attractions<\/a> throughout your choice of 1, 2, 3, 4, 5, 6, 7 or 10 days. During that time period, you\u2019ll be able to visit or use over 150 unique attractions and deals. Whether you want to experience quintessential New York landmarks like the <a href=\"https:\/\/gonewyork.com\/de\/tourist-attraction\/empire-state-building\/\" data-type=\"tourist-attraction\" data-id=\"248\">Empire State Building<\/a>, the Metropolitan Museum of Art, and Rockefeller Center\u2019s Top of the Rock Observation Deck, or take advantage of discounts on rental cars, deals on shopping at Hudson Yards, and special prices for Broadway shows, the Day Pass option has you covered. The Flex Pass is a flexible, multi-attraction pass granting you admission to your choice\u00a0of 2, 3, 4, 5, 6, or 7 attractions from a list of over 100 NYC attractions. If you\u2019ve got your list of dream New York City destinations at the ready, it\u2019s more than likely they\u2019ll be included as part of the New York Sightseeing Pass Flex Pass option. It includes all your favorite New York attractions and so much more.<\/p>\n\n<figure class=\"wp-block-image size-full\"><img decoding=\"async\" src=\"https:\/\/gonewyork.com\/wp-content\/uploads\/2021\/12\/Tourist-Binoculars-NYC-Empire-stste-at-Night-AdobeStock_164539337.jpeg\" alt=\"\" class=\"wp-image-523\"\/><\/figure>\n\n<h2 class=\"wp-block-heading\"><strong>Top Inbegriffene Attraktionen in New York<\/strong><\/h2>\n\n<ul class=\"wp-block-list\">\n<li><a href=\"https:\/\/gonewyork.com\/de\/tourist-attraction\/empire-state-building\/\" data-type=\"tourist-attraction\" data-id=\"248\">Empire State Building<\/a><\/li>\n\n\n\n<li><a href=\"https:\/\/gonewyork.com\/de\/museum\/das-metropolitan-museum-of-art\/\" data-type=\"museum\" data-id=\"250\">The Metropolitan Museum of Art<\/a><\/li>\n\n\n\n<li><a href=\"https:\/\/gonewyork.com\/de\/tourist-attraction\/aussichtsplattform-auf-dem-gipfel-des-felsens\/\" data-type=\"tourist-attraction\" data-id=\"251\">Top of the Rock Observation Deck<\/a> at Rockefeller Center<\/li>\n\n\n\n<li><a href=\"https:\/\/gonewyork.com\/de\/museum\/amerikanisches-museum-fuer-naturgeschichte\/\" data-type=\"museum\" data-id=\"249\">American Museum of Natural History<\/a><\/li>\n\n\n\n<li>One World Observatory<\/li>\n\n\n\n<li>Circle Line Landmarks Cruise<\/li>\n\n\n\n<li><a href=\"https:\/\/gonewyork.com\/de\/museum\/9-11-gedenkstaette-museum\/\" data-type=\"museum\" data-id=\"255\">9\/11 Memorial &amp; Museum<\/a><\/li>\n<\/ul>\n\n<p>Die vollst\u00e4ndige Liste der verf\u00fcgbaren Attraktionen und Touren finden Sie in der Seitenleiste, unterteilt nach Art der Aktivit\u00e4t.<\/p>\n\n<h2 class=\"wp-block-heading\"><strong>So funktioniert der New York Sightseeing Pass<\/strong><\/h2>\n\n<p>Sowohl der Tagespass als auch der Flex Pass funktionieren auf die gleiche Weise. Wenn Sie eine dieser New York Sightseeing Pass-Optionen kaufen, zahlen Sie eine Pauschale f\u00fcr einen Pass, der als Einzelticket f\u00fcr jede Attraktion dient, die Sie besuchen. Bei jeder Attraktion m\u00fcssen Sie nicht aus eigener Tasche bezahlen, was Ihnen auf lange Sicht viel Zeit und Geld spart.  <\/p>\n\n<p>Ihr New York Sightseeing Pass wird Ihnen nur wenige Augenblicke nach dem Kauf per E-Mail zugestellt. Alles, was Sie tun m\u00fcssen, ist, es \u00fcber die kostenlose Sightseeing Pass App auf Ihr Smartphone herunterzuladen. Dann k\u00f6nnen Sie es einfach scannen lassen, um Eintritt in die Attraktion zu erhalten, die Sie besuchen m\u00f6chten.  <\/p>\n\n<p>Unabh\u00e4ngig davon, wann Sie Ihren New York Sightseeing Pass kaufen \u2013 und unabh\u00e4ngig davon, ob Sie sich f\u00fcr den Day Pass oder den Flex Pass entscheiden \u2013 haben Sie 24 Monate (zwei volle Jahre!) Zeit, ihn zu aktivieren. Ihr Tagespass muss an aufeinanderfolgenden Tagen so lange verwendet werden, wie er g\u00fcltig ist, w\u00e4hrend der Flex Pass ab dem Zeitpunkt der ersten Aktivierung 60 Tage lang g\u00fcltig ist. <\/p>\n\n<h2 class=\"wp-block-heading\"><strong>Wof\u00fcr ist der New York Sightseeing Pass gut?<\/strong><\/h2>\n\n<p>Wenn Sie nicht daran interessiert sind, eine weitere App auf Ihr Smartphone herunterzuladen, k\u00f6nnen Sie einfach eine Papierkopie Ihres New York Sightseeing Passes ausdrucken, bevor Sie sich auf den Weg machen. Es funktioniert genauso wie die digitale Version. <\/p>\n\n<p>Der New York Sightseeing Pass bietet seinen Passinhabern kostenlose PDF-Karten von New York City und seinem \u00f6ffentlichen Verkehrssystem. Diese Tools sind hilfreich, wenn Sie Ihre Reise planen, und auch praktisch: Als PDFs k\u00f6nnen Sie sie direkt auf Ihrem Smartphone aufbewahren. <\/p>\n\n<p>Ihr New York Sightseeing Pass enth\u00e4lt auch einen kostenlosen digitalen Reisef\u00fchrer. Es enth\u00e4lt Ressourcen wie Informationen zu Attraktionen, \u00d6ffnungszeiten, schnelle Tipps, Abholhaltestellen f\u00fcr den Tourbus und vieles mehr. <\/p>\n\n<h2 class=\"wp-block-heading\"><strong>Was k\u00f6nnte besser werden?<\/strong><\/h2>\n\n<p>Wie bei jedem Attraktionspass, der \u00fcber 100 verschiedene m\u00f6gliche Ziele abdeckt, k\u00f6nnen sich die Dinge immer \u00e4ndern. Von Zeit zu Zeit werden dem New York Sightseeing Pass Attraktionen hinzugef\u00fcgt und davon abgezogen. Das geht nat\u00fcrlich in beide Richtungen \u2013 es kann gut oder schlecht sein, je nachdem, was kommt und geht. Unabh\u00e4ngig davon ist es etwas, das Sie im Auge behalten sollten, wenn Sie Pl\u00e4ne schmieden.   <\/p>\n\n<p>Der New York Sightseeing Pass hat ein restriktiveres R\u00fcckgaberecht als einige andere Attraktionsp\u00e4sse, die heute auf dem Markt erh\u00e4ltlich sind. Wenn Ihr Pass unbenutzt ist, k\u00f6nnen Sie ihn gegen eine vollst\u00e4ndige R\u00fcckerstattung zur\u00fcckgeben \u2013 aber nur, wenn Sie ihn mit einer Versicherung gekauft haben. Wenn Sie sich zum Zeitpunkt des Kaufs gegen die Pass-Versicherung entscheiden, haben Sie Pech, wenn Sie versuchen, sie sp\u00e4ter zur\u00fcckzugeben (auch wenn sie noch unbenutzt ist).  <\/p>\n\n<h2 class=\"wp-block-heading\"><strong>Kommen Sie mit einem New York Sightseeing Pass auf Ihre Kosten<\/strong><\/h2>\n\n<p>Wenn Sie die Flex Pass-Version des New York Sightseeing Pass verwenden, h\u00e4ngt die Ersparnis davon ab, wie viele Attraktionen Sie besuchen. Besuchen Sie die offizielle Flex Pass-Website, um zu erfahren, wie Sie Ihre Einsparungen maximieren k\u00f6nnen. Dort finden Sie Details, wie Sie bis zu 50% sparen k\u00f6nnen, selbst wenn Sie nur 2 verschiedene Attraktionen pro Tag besuchen.  <\/p>\n\n<p>Was die Tagespass-Version des New York Sightseeing Pass betrifft, so ist hier der beste Angriffsplan: Lesen Sie die Eintrittspreise f\u00fcr die Attraktionen, die Sie am meisten besuchen m\u00f6chten, und priorisieren Sie dann diejenigen mit den teuersten Tickets. Auf diese Weise bekommen Sie das Beste f\u00fcr Ihr Geld, w\u00e4hrend Sie sich die M\u00f6glichkeit lassen, nur f\u00fcr weniger teure Attraktionen aus eigener Tasche zu bezahlen (wenn Sie sich entscheiden, sie auf jeden Fall unbedingt besuchen zu wollen, auch wenn Sie Ihre Tageskarte aufgebraucht haben). <\/p>\n\n<h2 class=\"wp-block-heading\"><strong>New York Sightseeing Pass Insider-Tipps<\/strong><\/h2>\n\n<p>Solange Sie Ihren New York Sightseeing Pass noch nicht aktiviert haben, k\u00f6nnen Sie ihn trotzdem upgraden. Dies ist bei anderen P\u00e4ssen f\u00fcr Attraktionen nicht immer der Fall, und es k\u00f6nnte sich als sehr n\u00fctzlich erweisen, wenn Sie sich entscheiden, Ihre Pl\u00e4ne im Vorfeld Ihrer Reise zu optimieren. <\/p>\n\n<p>Stellen Sie sicher, dass Sie Ihren Flex Pass gleich am Morgen aktivieren. Selbst wenn Sie es gegen Ende der Gesch\u00e4ftszeiten an einer Attraktion aktivieren, z\u00e4hlt es immer noch als Nutzung f\u00fcr einen ganzen Tag. Dies w\u00e4re das Schlimmste, was Sie tun k\u00f6nnen, wenn Sie das Beste aus Ihrem Flex Pass herausholen m\u00f6chten.  <\/p>\n\n<p>Der New York Sightseeing Pass wirbt stolz damit, eine Reihe exklusiver Beziehungen zu verschiedenen Attraktionen, Reiseveranstaltern, Restaurants und mehr zu haben. Wenn Sie den New York Sightseeing Pass f\u00fcr Ihre Anforderungen an den New York City Attraction Pass in Betracht ziehen, sollten Sie diese Liste durchgehen, um zu sehen, ob eines oder mehrere dieser speziellen Exklusivangebote besonders ansprechend sind. <\/p>\n\n<p>Auf der offiziellen New York Sightseeing Pass-Website finden Sie nicht nur einen kostenlosen digitalen Reisef\u00fchrer, sondern auch eine Reihe von monatlich wechselnden Reisef\u00fchrern. Diese monatlichen Reisef\u00fchrer sind einen Blick wert, wenn Sie sich auf die Verwendung Ihres Sightseeing Pass vorbereiten. Sie enthalten routinem\u00e4\u00dfig die neuesten Tipps, Vorschl\u00e4ge und sogar Wetterberichte.  <\/p>\n\n<h2 class=\"wp-block-heading\"><strong>Wo kann man den New York Sightseeing Pass kaufen?<\/strong><\/h2>\n\n<p>Sie k\u00f6nnen entweder den Day Pass oder den Flex Pass direkt auf der offiziellen New York Sightseeing Pass-Website kaufen, um die besten Preise zu erhalten, wenn es sich um einen Verkauf handelt.<\/p>\n","protected":false},"excerpt":{"rendered":"<p>The New York Sightseeing Pass is available in two distinct formats. The Day Pass is an all-inclusive multi-attraction pass admitting you to an unlimited number of popular New York City attractions throughout your choice of 1, 2, 3, 4, 5, 6, 7 or 10 days. During that time period, you\u2019ll be able to visit or &#8230; <a title=\"New York Sightseeing Pass\" class=\"read-more\" href=\"https:\/\/gonewyork.com\/de\/new-york-sightseeing-pass\/\" aria-label=\"Mehr Informationen \u00fcber New York Sightseeing Pass\">Weiterlesen &#8230;<\/a><\/p>\n","protected":false},"author":2,"featured_media":0,"parent":0,"menu_order":0,"comment_status":"closed","ping_status":"closed","template":"","meta":{"_acf_changed":false,"footnotes":""},"class_list":["post-3486","page","type-page","status-publish"],"acf":[],"_links":{"self":[{"href":"https:\/\/gonewyork.com\/de\/wp-json\/wp\/v2\/pages\/3486","targetHints":{"allow":["GET"]}}],"collection":[{"href":"https:\/\/gonewyork.com\/de\/wp-json\/wp\/v2\/pages"}],"about":[{"href":"https:\/\/gonewyork.com\/de\/wp-json\/wp\/v2\/types\/page"}],"author":[{"embeddable":true,"href":"https:\/\/gonewyork.com\/de\/wp-json\/wp\/v2\/users\/2"}],"replies":[{"embeddable":true,"href":"https:\/\/gonewyork.com\/de\/wp-json\/wp\/v2\/comments?post=3486"}],"version-history":[{"count":1,"href":"https:\/\/gonewyork.com\/de\/wp-json\/wp\/v2\/pages\/3486\/revisions"}],"predecessor-version":[{"id":3487,"href":"https:\/\/gonewyork.com\/de\/wp-json\/wp\/v2\/pages\/3486\/revisions\/3487"}],"wp:attachment":[{"href":"https:\/\/gonewyork.com\/de\/wp-json\/wp\/v2\/media?parent=3486"}],"curies":[{"name":"wp","href":"https:\/\/api.w.org\/{rel}","templated":true}]}}