{"id":3235,"date":"2022-08-31T15:18:42","date_gmt":"2022-08-31T15:18:42","guid":{"rendered":"https:\/\/gonewyork.com\/fahrradtouren-in-new-york-city\/"},"modified":"2025-08-19T18:50:36","modified_gmt":"2025-08-19T18:50:36","slug":"fahrradtouren-in-new-york-city","status":"publish","type":"page","link":"https:\/\/gonewyork.com\/de\/fahrradtouren-in-new-york-city\/","title":{"rendered":"Fahrradtouren in New York City"},"content":{"rendered":"\n<p>Eine fabelhafte Methode, um die zahlreichen Wunder New Yorks zu erkunden, ist das Fahrrad, weshalb sich viele Besucher f\u00fcr eine Fahrradtour durch die Stadt entscheiden. Fahrradtouren sind nicht nur eine umweltfreundliche M\u00f6glichkeit, New York City zu erkunden, sondern in der Regel auch nicht so teuer wie <a href=\"https:\/\/gonewyork.com\/de\/bootstouren-in-new-york-city\/\" data-type=\"page\" data-id=\"1016\">Bootstouren<\/a> oder <a href=\"https:\/\/gonewyork.com\/de\/bustouren-in-new-york-city\/\" data-type=\"page\" data-id=\"1015\">Bustouren<\/a>. Und obwohl es stimmt, dass Fahrradtouren ein h\u00f6heres Ma\u00df an k\u00f6rperlicher Aktivit\u00e4t erfordern als so etwas wie die klassische Hop-on-Hop-off-Sightseeing-Tour, finden viele Menschen sie angenehmer als eine Wandertour. Zus\u00e4tzlich zu gef\u00fchrten Fahrradtouren in Gruppen erlauben die meisten Anbieter von Fahrradtouren in New York City ihren Kunden, Fahrr\u00e4der f\u00fcr einen bestimmten Zeitraum zu mieten. Viele Besucher nutzen diese M\u00f6glichkeit, denn durch die unbefristete Flexibilit\u00e4t k\u00f6nnen Sie Ihren ganz pers\u00f6nlichen Ausflug gestalten.    <\/p>\n\n<figure class=\"wp-block-image size-large\"><img loading=\"lazy\" decoding=\"async\" width=\"1024\" height=\"768\" src=\"https:\/\/gonewyork.com\/wp-content\/uploads\/2022\/08\/nyc-tour-Unlimited-Biking-Brooklyn-Tour-IMG_3442-1024x768.jpg\" alt=\"\" class=\"wp-image-1630\" srcset=\"https:\/\/gonewyork.com\/wp-content\/uploads\/2022\/08\/nyc-tour-Unlimited-Biking-Brooklyn-Tour-IMG_3442-1024x768.jpg 1024w, https:\/\/gonewyork.com\/wp-content\/uploads\/2022\/08\/nyc-tour-Unlimited-Biking-Brooklyn-Tour-IMG_3442-300x225.jpg 300w, https:\/\/gonewyork.com\/wp-content\/uploads\/2022\/08\/nyc-tour-Unlimited-Biking-Brooklyn-Tour-IMG_3442-768x576.jpg 768w, https:\/\/gonewyork.com\/wp-content\/uploads\/2022\/08\/nyc-tour-Unlimited-Biking-Brooklyn-Tour-IMG_3442-1536x1152.jpg 1536w, https:\/\/gonewyork.com\/wp-content\/uploads\/2022\/08\/nyc-tour-Unlimited-Biking-Brooklyn-Tour-IMG_3442-2048x1536.jpg 2048w\" sizes=\"auto, (max-width: 1024px) 100vw, 1024px\" \/><figcaption>Fahrradtour in Brooklyn Heights<\/figcaption><\/figure>\n\n<p>Was die gro\u00dfen Ballungsr\u00e4ume betrifft, so ist New York City ein gro\u00dfartiger Ort, um Radfahrer zu sein. New York ist nicht nur generell eine fahrradfreundliche Stadt, sondern einige der ber\u00fchmtesten <a href=\"https:\/\/gonewyork.com\/de\/sehenswuerdigkeiten-in-new-york-city\/\" data-type=\"page\" data-id=\"398\">Sehensw\u00fcrdigkeiten in New York City<\/a> sind ideale Ziele f\u00fcr Fahrradtouren. Viele Einheimische schw\u00f6ren, dass man die <a href=\"https:\/\/gonewyork.com\/de\/tourist-attraction\/brooklyn-bruecke\/\" data-type=\"tourist-attraction\" data-id=\"932\">Brooklyn Bridge<\/a> am besten mit dem Fahrrad erleben kann \u2013 tats\u00e4chlich ist sie Jahr f\u00fcr Jahr eines der beliebtesten Fahrradziele der Stadt. Egal, ob Sie an einer gef\u00fchrten Tour teilnehmen oder sie in Ihrer Freizeit suchen, wenn Sie \u00fcber die Brooklyn Bridge radeln, haben Sie erstaunliche M\u00f6glichkeiten, die <a href=\"https:\/\/gonewyork.com\/tourist-attraction\/statue-of-liberty\/\" data-type=\"tourist-attraction\" data-id=\"253\">Freiheitsstatue, die Skyline von<\/a> Manhattan und den Brooklyn Bridge Park zu fotografieren.   <\/p>\n\n<p>Eine weitere ikonische Attraktion von New York City, die perfekt f\u00fcr Radfahrer geeignet ist, ist der Central Park. Auch hier k\u00f6nnen Sie an einer gef\u00fchrten Radtour teilnehmen oder ein Fahrrad mieten, aber egal in welche Richtung Sie fahren, Sie werden reich belohnt. Viele Erstbesucher von New York City untersch\u00e4tzen die Gr\u00f6\u00dfe des Central Parks und sch\u00e4tzen daher die Entfernung, die sie zu Fu\u00df zwischen den verschiedenen Parks des Parks, die sie erleben m\u00f6chten, zur\u00fccklegen m\u00fcssen, falsch ein. Die Chancen stehen gut, dass Sie mehr sehen und sich weniger ersch\u00f6pft f\u00fchlen, wenn Sie den Central Park mit dem Fahrrad zur\u00fccklegen, als wenn Sie es bei einem Spaziergang tun w\u00fcrden.   <\/p>\n\n<p>Egal, was Sie w\u00e4hrend Ihres Aufenthalts in New York City sehen und unternehmen m\u00f6chten, die Chancen stehen gut, dass es eine Fahrradtour gibt, die f\u00fcr Sie geeignet ist. Das liegt daran, dass New York City Fahrradtouren anbietet, bei denen alle Arten von Sehensw\u00fcrdigkeiten, Vierteln, Themen und mehr im Vordergrund stehen. Zum Beispiel gibt es gef\u00fchrte Fahrradtouren, die Sie durch die Bronx zum Yankee Stadium f\u00fchren, genauso wie es gef\u00fchrte Fahrradtouren gibt, die Ihnen ber\u00fchmte Sehensw\u00fcrdigkeiten der Harlem Renaissance zeigen. Es gibt gef\u00fchrte Fahrradtouren, die nach Einbruch der Dunkelheit zum Times Square oder am Nachmittag die Wall Street hinunter fahren, und es gibt sogar eine ganzt\u00e4gige gef\u00fchrte Fahrradtour, die Sie nach Manhattan, Brooklyn und Queens f\u00fchrt und Ihnen dabei einen enormen Querschnitt der Stadt zeigt. Und das sind nur einige davon!    <\/p>\n\n<figure class=\"wp-block-image size-large is-resized\"><img loading=\"lazy\" decoding=\"async\" src=\"https:\/\/gonewyork.com\/wp-content\/uploads\/2022\/08\/nyc-tour-Central-Park-Biking-Tour-Unlimited-Bikes-IMG_2131-1024x768.jpg\" alt=\"\" class=\"wp-image-1615\" width=\"680\" height=\"510\" srcset=\"https:\/\/gonewyork.com\/wp-content\/uploads\/2022\/08\/nyc-tour-Central-Park-Biking-Tour-Unlimited-Bikes-IMG_2131-1024x768.jpg 1024w, https:\/\/gonewyork.com\/wp-content\/uploads\/2022\/08\/nyc-tour-Central-Park-Biking-Tour-Unlimited-Bikes-IMG_2131-300x225.jpg 300w, https:\/\/gonewyork.com\/wp-content\/uploads\/2022\/08\/nyc-tour-Central-Park-Biking-Tour-Unlimited-Bikes-IMG_2131-768x576.jpg 768w, https:\/\/gonewyork.com\/wp-content\/uploads\/2022\/08\/nyc-tour-Central-Park-Biking-Tour-Unlimited-Bikes-IMG_2131-1536x1152.jpg 1536w, https:\/\/gonewyork.com\/wp-content\/uploads\/2022\/08\/nyc-tour-Central-Park-Biking-Tour-Unlimited-Bikes-IMG_2131-2048x1536.jpg 2048w\" sizes=\"auto, (max-width: 680px) 100vw, 680px\" \/><figcaption>Central Park Fahrradtour<\/figcaption><\/figure>\n\n<p>Zu guter Letzt, wenn Sie in der Stimmung f\u00fcr etwas Unkonventionelleres sind \u2013 nennen wir es einfach &#8222;fahrradangrenzend&#8220; \u2013 dann sollten Sie eine der vielen verschiedenen Elektroroller- oder Elektrofahrradtouren in New York City in Betracht ziehen. Sie finden diese Art von F\u00fchrungen in einer Top-Attraktion wie dem Central Park. <\/p>\n\n<p>Wenn Sie von der Idee fasziniert sind, eine Fahrradtour durch New York City zu unternehmen, lesen Sie weiter, um mehr \u00fcber einige der Top-Unternehmen zu erfahren, die sich heute auf Gruppenradtouren und Fahrradverleih in New York City spezialisiert haben.<\/p>\n\n<h3 class=\"wp-block-heading\"><strong><a href=\"https:\/\/gonewyork.com\/tour-company\/unlimited-biking-new-york-tours\/\" data-type=\"tour-company\" data-id=\"1336\">Unbegrenztes Radfahren<\/a><\/strong><\/h3>\n\n<p>Unlimited Biking ist spezialisiert auf Gruppenradtouren zu den wichtigsten Sehensw\u00fcrdigkeiten von New York City wie dem Central Park, der Brooklyn Bridge und Harlem. Sie bieten auch mehrere Rundg\u00e4nge durch die Stadt an und bieten mehrst\u00fcndige Fahrradverleihe an. <\/p>\n","protected":false},"excerpt":{"rendered":"<p>Eine fabelhafte Methode, um die zahlreichen Wunder New Yorks zu erkunden, ist das Fahrrad, weshalb sich viele Besucher f\u00fcr eine Fahrradtour durch die Stadt entscheiden. Fahrradtouren sind nicht nur eine umweltfreundliche M\u00f6glichkeit, New York City zu erkunden, sondern in der Regel auch nicht so teuer wie Bootstouren oder Bustouren. Und obwohl es stimmt, dass Fahrradtouren &#8230; <a title=\"Fahrradtouren in New York City\" class=\"read-more\" href=\"https:\/\/gonewyork.com\/de\/fahrradtouren-in-new-york-city\/\" aria-label=\"Mehr Informationen \u00fcber Fahrradtouren in New York City\">Weiterlesen &#8230;<\/a><\/p>\n","protected":false},"author":2,"featured_media":0,"parent":0,"menu_order":0,"comment_status":"closed","ping_status":"closed","template":"","meta":{"_acf_changed":false,"footnotes":""},"class_list":["post-3235","page","type-page","status-publish"],"acf":[],"_links":{"self":[{"href":"https:\/\/gonewyork.com\/de\/wp-json\/wp\/v2\/pages\/3235","targetHints":{"allow":["GET"]}}],"collection":[{"href":"https:\/\/gonewyork.com\/de\/wp-json\/wp\/v2\/pages"}],"about":[{"href":"https:\/\/gonewyork.com\/de\/wp-json\/wp\/v2\/types\/page"}],"author":[{"embeddable":true,"href":"https:\/\/gonewyork.com\/de\/wp-json\/wp\/v2\/users\/2"}],"replies":[{"embeddable":true,"href":"https:\/\/gonewyork.com\/de\/wp-json\/wp\/v2\/comments?post=3235"}],"version-history":[{"count":1,"href":"https:\/\/gonewyork.com\/de\/wp-json\/wp\/v2\/pages\/3235\/revisions"}],"predecessor-version":[{"id":3237,"href":"https:\/\/gonewyork.com\/de\/wp-json\/wp\/v2\/pages\/3235\/revisions\/3237"}],"wp:attachment":[{"href":"https:\/\/gonewyork.com\/de\/wp-json\/wp\/v2\/media?parent=3235"}],"curies":[{"name":"wp","href":"https:\/\/api.w.org\/{rel}","templated":true}]}}